{"id":603,"date":"2025-06-12T10:45:53","date_gmt":"2025-06-12T10:45:53","guid":{"rendered":"https:\/\/3dgraphicslab.dreamify.love\/?page_id=603"},"modified":"2025-06-12T10:47:01","modified_gmt":"2025-06-12T10:47:01","slug":"aviso-legal","status":"publish","type":"page","link":"https:\/\/3dgraphicslab.com\/fr\/aviso-legal\/","title":{"rendered":"Avis juridique"},"content":{"rendered":"<style>.elementor-603 .elementor-element.elementor-element-11ca316{--display:flex;--flex-direction:column;--container-widget-width:100%;--container-widget-height:initial;--container-widget-flex-grow:0;--container-widget-align-self:initial;--flex-wrap-mobile:wrap;--justify-content:center;--gap:0px 0px;--row-gap:0px;--column-gap:0px;--overlay-opacity:0.8;--margin-top:0px;--margin-bottom:100px;--margin-left:0px;--margin-right:0px;--padding-top:150px;--padding-bottom:150px;--padding-left:0px;--padding-right:0px;}.elementor-603 .elementor-element.elementor-element-11ca316:not(.elementor-motion-effects-element-type-background), .elementor-603 .elementor-element.elementor-element-11ca316 > .elementor-motion-effects-container > .elementor-motion-effects-layer{background-color:var( --e-global-color-primary );background-image:url(\"https:\/\/3dgraphicslab.com\/wp-content\/uploads\/2025\/06\/drone-despega-de-la-mano-scaled.jpg\");background-position:center center;background-repeat:no-repeat;background-size:cover;}.elementor-603 .elementor-element.elementor-element-11ca316::before, .elementor-603 .elementor-element.elementor-element-11ca316 > .elementor-background-video-container::before, .elementor-603 .elementor-element.elementor-element-11ca316 > .e-con-inner > .elementor-background-video-container::before, .elementor-603 .elementor-element.elementor-element-11ca316 > .elementor-background-slideshow::before, .elementor-603 .elementor-element.elementor-element-11ca316 > .e-con-inner > .elementor-background-slideshow::before, .elementor-603 .elementor-element.elementor-element-11ca316 > .elementor-motion-effects-container > .elementor-motion-effects-layer::before{--background-overlay:'';background-color:#000000;}.elementor-603 .elementor-element.elementor-element-ce6b5e7{--display:flex;--gap:15px 15px;--row-gap:15px;--column-gap:15px;}.elementor-603 .elementor-element.elementor-element-6243517{text-align:center;}.elementor-603 .elementor-element.elementor-element-6243517 .elementor-heading-title{font-family:\"Plus Jakarta Sans\", Sans-serif;font-size:52px;font-weight:500;text-transform:none;text-decoration:none;line-height:1.1em;letter-spacing:-2.5px;color:var( --e-global-color-accent );}.elementor-603 .elementor-element.elementor-element-6b92cd7{--display:flex;--flex-direction:column;--container-widget-width:100%;--container-widget-height:initial;--container-widget-flex-grow:0;--container-widget-align-self:initial;--flex-wrap-mobile:wrap;}.elementor-603 .elementor-element.elementor-element-4d665d4{text-align:justify;}@media(min-width:768px){.elementor-603 .elementor-element.elementor-element-11ca316{--content-width:1290px;}.elementor-603 .elementor-element.elementor-element-ce6b5e7{--content-width:1290px;}}@media(max-width:1024px){.elementor-603 .elementor-element.elementor-element-11ca316{--padding-top:150px;--padding-bottom:100px;--padding-left:10px;--padding-right:10px;}.elementor-603 .elementor-element.elementor-element-6243517 .elementor-heading-title{font-size:65px;}}@media(max-width:767px){.elementor-603 .elementor-element.elementor-element-6243517 .elementor-heading-title{font-size:32px;}.elementor-603 .elementor-element.elementor-element-6b92cd7{--padding-top:0px;--padding-bottom:0px;--padding-left:20px;--padding-right:20px;}}<\/style>\t\t<div data-elementor-type=\"wp-page\" data-elementor-id=\"603\" class=\"elementor elementor-603\" data-elementor-post-type=\"page\">\n\t\t\t\t<div class=\"elementor-element elementor-element-11ca316 e-flex e-con-boxed e-con e-parent\" data-id=\"11ca316\" data-element_type=\"container\" data-e-type=\"container\" data-settings=\"{&quot;background_background&quot;:&quot;classic&quot;}\">\n\t\t\t\t\t<div class=\"e-con-inner\">\n\t\t<div class=\"elementor-element elementor-element-ce6b5e7 e-flex e-con-boxed e-con e-child\" data-id=\"ce6b5e7\" data-element_type=\"container\" data-e-type=\"container\">\n\t\t\t\t\t<div class=\"e-con-inner\">\n\t\t\t\t\t<\/div>\n\t\t\t\t<\/div>\n\t\t\t\t\t<\/div>\n\t\t\t\t<\/div>\n\t\t<div class=\"elementor-element elementor-element-6b92cd7 e-flex e-con-boxed e-con e-parent\" data-id=\"6b92cd7\" data-element_type=\"container\" data-e-type=\"container\">\n\t\t\t\t\t<div class=\"e-con-inner\">\n\t\t\t\t<div class=\"elementor-element elementor-element-4d665d4 elementor-widget elementor-widget-text-editor\" data-id=\"4d665d4\" data-element_type=\"widget\" data-e-type=\"widget\" data-widget_type=\"text-editor.default\">\n\t\t\t\t<div class=\"elementor-widget-container\">\n\t\t\t\t\t\t\t\t\t<div>\n  <p>Conform\u00e9ment aux dispositions de la Loi 34\/2002, du 11 juillet, sur les Services de la Soci\u00e9t\u00e9 de l'Information et le Commerce \u00c9lectronique (LSSI-CE), les aspects l\u00e9gaux suivants de ce site web sont communiqu\u00e9s :<\/p>\n\n  <h5>Propri\u00e9t\u00e9 du Site<\/h5>\n  <p><strong>Nom:<\/strong> DAVID TUBERT SAUBI<\/p>\n  <p><strong>NIF:<\/strong> 40342114E<\/p>\n  <p><strong>Adresse fiscale et sociale:<\/strong> PASSEIG INDUSTRIE N35, 3E, 17820 BANYOLES<\/p>\n  <p><strong>E-mail:<\/strong> DTUBERTS@CETIG.CAT<\/p>\n\n  <h5>Conditions d&#039;utilisation<\/h5>\n  <p>L'acc\u00e8s et l'utilisation du site web de DAVID TUBERT SAUBI conf\u00e8rent la qualit\u00e9 d'utilisateur et impliquent l'acceptation pleine et sans r\u00e9serve de chacune des dispositions incluses dans cet Avis L\u00e9gal, dans la version publi\u00e9e par DAVID TUBERT SAUBI au moment o\u00f9 l'utilisateur acc\u00e8de au site web.<\/p>\n\n  <h5>Propri\u00e9t\u00e9 intellectuelle et Industrielle<\/h5>\n  <p>Tous les contenus du site web, entendus comme tels, \u00e0 titre \u00e9nonciatif, les textes, photographies, graphiques, images, ic\u00f4nes, technologies, logiciels, et autres contenus audiovisuels ou sonores, ainsi que leur design graphique et codes sources, sont la propri\u00e9t\u00e9 intellectuelle de DAVID TUBERT SAUBI, sans que l'on puisse consid\u00e9rer que des droits d'exploitation sur ceux-ci soient c\u00e9d\u00e9s \u00e0 l'utilisateur au-del\u00e0 de ce qui est strictement n\u00e9cessaire pour un usage correct du site web.<\/p>\n\n  <h5>La protection des donn\u00e9es<\/h5>\n  <p>DAVID TUBERT SAUBI respecte la r\u00e9glementation en vigueur en mati\u00e8re de protection des donn\u00e9es et garantit la gestion correcte des donn\u00e9es \u00e0 caract\u00e8re personnel qui peuvent \u00eatre collect\u00e9es via les formulaires de contact sur le site web, conform\u00e9ment aux dispositions du R\u00e8glement (UE) 2016\/679 (R\u00e8glement G\u00e9n\u00e9ral sur la Protection des Donn\u00e9es).<\/p>\n\n  <h5>Responsabilit\u00e9 des Contenus<\/h5>\n  <p>DAVID TUBERT SAUBI n'est pas responsable de la l\u00e9galit\u00e9 d'autres sites web tiers \u00e0 partir desquels il est possible d'acc\u00e9der \u00e0 ce site web. Il ne r\u00e9pond pas non plus de la l\u00e9galit\u00e9 d'autres sites web tiers qui pourraient \u00eatre li\u00e9s ou connect\u00e9s \u00e0 partir de ce site web.<\/p>\n\n  <h5>L\u00e9gislation et Juridiction Applicables<\/h5>\n  <p>La relation entre DAVID TUBERT SAUBI et l'utilisateur sera r\u00e9gie par la l\u00e9gislation espagnole en vigueur, et tout litige sera soumis aux Tribunaux de la ville de Barcelone, sauf disposition contraire de la l\u00e9gislation applicable.<\/p>\n\n  <p>Pour plus d&#039;informations ou de tout doute au sujet de cet Avis Juridique, veuillez nous contacter par e-mail: <a href=\"mailto:DTUBERTS@CETIG.CAT\">DTUBERTS@CETIG.CAT<\/a><\/p>\n<\/div>\n\t\t\t\t\t\t\t\t<\/div>\n\t\t\t\t<\/div>\n\t\t\t\t\t<\/div>\n\t\t\t\t<\/div>\n\t\t\t\t<\/div>","protected":false},"excerpt":{"rendered":"<p>En cumplimiento con lo dispuesto en la Ley 34\/2002, de 11 de julio, de Servicios de la Sociedad de la Informaci\u00f3n y de Comercio Electr\u00f3nico (LSSI-CE), se informa de los siguientes aspectos legales de este sitio web: Titularidad del Sitio Web Nombre: DAVID TUBERT SAUBI NIF: 40342114E Domicilio fiscal y social: PASSEIG INDUSTRIA N35, 3ER,&hellip;&nbsp;<\/p>","protected":false},"author":1,"featured_media":0,"parent":0,"menu_order":0,"comment_status":"closed","ping_status":"closed","template":"page-templates\/template-pagebuilder-full-width.php","meta":{"neve_meta_sidebar":"","neve_meta_container":"","neve_meta_enable_content_width":"off","neve_meta_content_width":100,"neve_meta_title_alignment":"","neve_meta_author_avatar":"","neve_post_elements_order":"","neve_meta_disable_header":"","neve_meta_disable_footer":"","neve_meta_disable_title":"","_joinchat":[],"footnotes":""},"class_list":["post-603","page","type-page","status-publish","hentry"],"yoast_head":"<!-- This site is optimized with the Yoast SEO plugin v27.3 - https:\/\/yoast.com\/product\/yoast-seo-wordpress\/ -->\n<title>Aviso legal - Servicios de levantamiento de datos con drones y Lidar | David Tubert Saubi<\/title>\n<meta name=\"robots\" content=\"index, follow, max-snippet:-1, max-image-preview:large, max-video-preview:-1\" \/>\n<link rel=\"canonical\" href=\"https:\/\/3dgraphicslab.com\/fr\/aviso-legal\/\" \/>\n<meta property=\"og:locale\" content=\"fr_FR\" \/>\n<meta property=\"og:type\" content=\"article\" \/>\n<meta property=\"og:title\" content=\"Aviso legal - Servicios de levantamiento de datos con drones y Lidar | David Tubert Saubi\" \/>\n<meta property=\"og:description\" content=\"En cumplimiento con lo dispuesto en la Ley 34\/2002, de 11 de julio, de Servicios de la Sociedad de la Informaci\u00f3n y de Comercio Electr\u00f3nico (LSSI-CE), se informa de los siguientes aspectos legales de este sitio web: Titularidad del Sitio Web Nombre: DAVID TUBERT SAUBI NIF: 40342114E Domicilio fiscal y social: PASSEIG INDUSTRIA N35, 3ER,&hellip;&nbsp;\" \/>\n<meta property=\"og:url\" content=\"https:\/\/3dgraphicslab.com\/fr\/aviso-legal\/\" \/>\n<meta property=\"og:site_name\" content=\"Servicios de levantamiento de datos con drones y Lidar | David Tubert Saubi\" \/>\n<meta property=\"article:modified_time\" content=\"2025-06-12T10:47:01+00:00\" \/>\n<meta name=\"twitter:card\" content=\"summary_large_image\" \/>\n<meta name=\"twitter:label1\" content=\"Dur\u00e9e de lecture estim\u00e9e\" \/>\n\t<meta name=\"twitter:data1\" content=\"2 minutes\" \/>\n<script type=\"application\/ld+json\" class=\"yoast-schema-graph\">{\"@context\":\"https:\\\/\\\/schema.org\",\"@graph\":[{\"@type\":\"WebPage\",\"@id\":\"https:\\\/\\\/3dgraphicslab.com\\\/en\\\/aviso-legal\\\/\",\"url\":\"https:\\\/\\\/3dgraphicslab.com\\\/en\\\/aviso-legal\\\/\",\"name\":\"Aviso legal - Servicios de levantamiento de datos con drones y Lidar | David Tubert Saubi\",\"isPartOf\":{\"@id\":\"https:\\\/\\\/3dgraphicslab.com\\\/ca\\\/#website\"},\"datePublished\":\"2025-06-12T10:45:53+00:00\",\"dateModified\":\"2025-06-12T10:47:01+00:00\",\"breadcrumb\":{\"@id\":\"https:\\\/\\\/3dgraphicslab.com\\\/en\\\/aviso-legal\\\/#breadcrumb\"},\"inLanguage\":\"fr-FR\",\"potentialAction\":[{\"@type\":\"ReadAction\",\"target\":[\"https:\\\/\\\/3dgraphicslab.com\\\/en\\\/aviso-legal\\\/\"]}]},{\"@type\":\"BreadcrumbList\",\"@id\":\"https:\\\/\\\/3dgraphicslab.com\\\/en\\\/aviso-legal\\\/#breadcrumb\",\"itemListElement\":[{\"@type\":\"ListItem\",\"position\":1,\"name\":\"Portada\",\"item\":\"https:\\\/\\\/3dgraphicslab.com\\\/ca\\\/\"},{\"@type\":\"ListItem\",\"position\":2,\"name\":\"Aviso legal\"}]},{\"@type\":\"WebSite\",\"@id\":\"https:\\\/\\\/3dgraphicslab.com\\\/ca\\\/#website\",\"url\":\"https:\\\/\\\/3dgraphicslab.com\\\/ca\\\/\",\"name\":\"Servicios de levantamiento de datos con drones y Lidar | David Tubert Saubi\",\"description\":\"Optimize sus proyectos industriales y construcci\u00f3n con precisi\u00f3n, ofrecemos servicio Scan to BIM de calidad\",\"potentialAction\":[{\"@type\":\"SearchAction\",\"target\":{\"@type\":\"EntryPoint\",\"urlTemplate\":\"https:\\\/\\\/3dgraphicslab.com\\\/ca\\\/?s={search_term_string}\"},\"query-input\":{\"@type\":\"PropertyValueSpecification\",\"valueRequired\":true,\"valueName\":\"search_term_string\"}}],\"inLanguage\":\"fr-FR\"}]}<\/script>\n<!-- \/ Yoast SEO plugin. -->","yoast_head_json":{"title":"Aviso legal - Servicios de levantamiento de datos con drones y Lidar | David Tubert Saubi","robots":{"index":"index","follow":"follow","max-snippet":"max-snippet:-1","max-image-preview":"max-image-preview:large","max-video-preview":"max-video-preview:-1"},"canonical":"https:\/\/3dgraphicslab.com\/fr\/aviso-legal\/","og_locale":"fr_FR","og_type":"article","og_title":"Aviso legal - Servicios de levantamiento de datos con drones y Lidar | David Tubert Saubi","og_description":"En cumplimiento con lo dispuesto en la Ley 34\/2002, de 11 de julio, de Servicios de la Sociedad de la Informaci\u00f3n y de Comercio Electr\u00f3nico (LSSI-CE), se informa de los siguientes aspectos legales de este sitio web: Titularidad del Sitio Web Nombre: DAVID TUBERT SAUBI NIF: 40342114E Domicilio fiscal y social: PASSEIG INDUSTRIA N35, 3ER,&hellip;&nbsp;","og_url":"https:\/\/3dgraphicslab.com\/fr\/aviso-legal\/","og_site_name":"Servicios de levantamiento de datos con drones y Lidar | David Tubert Saubi","article_modified_time":"2025-06-12T10:47:01+00:00","twitter_card":"summary_large_image","twitter_misc":{"Dur\u00e9e de lecture estim\u00e9e":"2 minutes"},"schema":{"@context":"https:\/\/schema.org","@graph":[{"@type":"WebPage","@id":"https:\/\/3dgraphicslab.com\/en\/aviso-legal\/","url":"https:\/\/3dgraphicslab.com\/en\/aviso-legal\/","name":"Aviso legal - Servicios de levantamiento de datos con drones y Lidar | David Tubert Saubi","isPartOf":{"@id":"https:\/\/3dgraphicslab.com\/ca\/#website"},"datePublished":"2025-06-12T10:45:53+00:00","dateModified":"2025-06-12T10:47:01+00:00","breadcrumb":{"@id":"https:\/\/3dgraphicslab.com\/en\/aviso-legal\/#breadcrumb"},"inLanguage":"fr-FR","potentialAction":[{"@type":"ReadAction","target":["https:\/\/3dgraphicslab.com\/en\/aviso-legal\/"]}]},{"@type":"BreadcrumbList","@id":"https:\/\/3dgraphicslab.com\/en\/aviso-legal\/#breadcrumb","itemListElement":[{"@type":"ListItem","position":1,"name":"Portada","item":"https:\/\/3dgraphicslab.com\/ca\/"},{"@type":"ListItem","position":2,"name":"Aviso legal"}]},{"@type":"WebSite","@id":"https:\/\/3dgraphicslab.com\/ca\/#website","url":"https:\/\/3dgraphicslab.com\/ca\/","name":"Servicios de levantamiento de datos con drones y Lidar | David Tubert Saubi","description":"Optimize sus proyectos industriales y construcci\u00f3n con precisi\u00f3n, ofrecemos servicio Scan to BIM de calidad","potentialAction":[{"@type":"SearchAction","target":{"@type":"EntryPoint","urlTemplate":"https:\/\/3dgraphicslab.com\/ca\/?s={search_term_string}"},"query-input":{"@type":"PropertyValueSpecification","valueRequired":true,"valueName":"search_term_string"}}],"inLanguage":"fr-FR"}]}},"_links":{"self":[{"href":"https:\/\/3dgraphicslab.com\/fr\/wp-json\/wp\/v2\/pages\/603","targetHints":{"allow":["GET"]}}],"collection":[{"href":"https:\/\/3dgraphicslab.com\/fr\/wp-json\/wp\/v2\/pages"}],"about":[{"href":"https:\/\/3dgraphicslab.com\/fr\/wp-json\/wp\/v2\/types\/page"}],"author":[{"embeddable":true,"href":"https:\/\/3dgraphicslab.com\/fr\/wp-json\/wp\/v2\/users\/1"}],"replies":[{"embeddable":true,"href":"https:\/\/3dgraphicslab.com\/fr\/wp-json\/wp\/v2\/comments?post=603"}],"version-history":[{"count":4,"href":"https:\/\/3dgraphicslab.com\/fr\/wp-json\/wp\/v2\/pages\/603\/revisions"}],"predecessor-version":[{"id":607,"href":"https:\/\/3dgraphicslab.com\/fr\/wp-json\/wp\/v2\/pages\/603\/revisions\/607"}],"wp:attachment":[{"href":"https:\/\/3dgraphicslab.com\/fr\/wp-json\/wp\/v2\/media?parent=603"}],"curies":[{"name":"wp","href":"https:\/\/api.w.org\/{rel}","templated":true}]}}