{"id":581,"date":"2025-06-12T10:37:19","date_gmt":"2025-06-12T10:37:19","guid":{"rendered":"https:\/\/3dgraphicslab.dreamify.love\/?page_id=581"},"modified":"2025-07-05T12:23:01","modified_gmt":"2025-07-05T12:23:01","slug":"politica-de-privacidad","status":"publish","type":"page","link":"https:\/\/3dgraphicslab.com\/fr\/politica-de-privacidad\/","title":{"rendered":"Politique de confidentialit\u00e9"},"content":{"rendered":"<style>.elementor-581 .elementor-element.elementor-element-11ca316{--display:flex;--flex-direction:column;--container-widget-width:100%;--container-widget-height:initial;--container-widget-flex-grow:0;--container-widget-align-self:initial;--flex-wrap-mobile:wrap;--justify-content:center;--gap:0px 0px;--row-gap:0px;--column-gap:0px;--overlay-opacity:0.8;--margin-top:0px;--margin-bottom:100px;--margin-left:0px;--margin-right:0px;--padding-top:150px;--padding-bottom:150px;--padding-left:0px;--padding-right:0px;}.elementor-581 .elementor-element.elementor-element-11ca316:not(.elementor-motion-effects-element-type-background), .elementor-581 .elementor-element.elementor-element-11ca316 > .elementor-motion-effects-container > .elementor-motion-effects-layer{background-color:var( --e-global-color-primary );background-image:url(\"https:\/\/3dgraphicslab.com\/wp-content\/uploads\/2025\/06\/drone-despega-de-la-mano-scaled.jpg\");background-position:center center;background-repeat:no-repeat;background-size:cover;}.elementor-581 .elementor-element.elementor-element-11ca316::before, .elementor-581 .elementor-element.elementor-element-11ca316 > .elementor-background-video-container::before, .elementor-581 .elementor-element.elementor-element-11ca316 > .e-con-inner > .elementor-background-video-container::before, .elementor-581 .elementor-element.elementor-element-11ca316 > .elementor-background-slideshow::before, .elementor-581 .elementor-element.elementor-element-11ca316 > .e-con-inner > .elementor-background-slideshow::before, .elementor-581 .elementor-element.elementor-element-11ca316 > .elementor-motion-effects-container > .elementor-motion-effects-layer::before{--background-overlay:'';background-color:#000000;}.elementor-581 .elementor-element.elementor-element-ce6b5e7{--display:flex;--gap:15px 15px;--row-gap:15px;--column-gap:15px;}.elementor-581 .elementor-element.elementor-element-6243517{text-align:center;}.elementor-581 .elementor-element.elementor-element-6243517 .elementor-heading-title{font-family:\"Plus Jakarta Sans\", Sans-serif;font-size:52px;font-weight:500;text-transform:none;text-decoration:none;line-height:1.1em;letter-spacing:-2.5px;color:var( --e-global-color-accent );}.elementor-581 .elementor-element.elementor-element-6b92cd7{--display:flex;--flex-direction:column;--container-widget-width:100%;--container-widget-height:initial;--container-widget-flex-grow:0;--container-widget-align-self:initial;--flex-wrap-mobile:wrap;}.elementor-581 .elementor-element.elementor-element-4d665d4{text-align:justify;}@media(min-width:768px){.elementor-581 .elementor-element.elementor-element-11ca316{--content-width:1290px;}.elementor-581 .elementor-element.elementor-element-ce6b5e7{--content-width:1290px;}}@media(max-width:1024px){.elementor-581 .elementor-element.elementor-element-11ca316{--padding-top:150px;--padding-bottom:100px;--padding-left:10px;--padding-right:10px;}.elementor-581 .elementor-element.elementor-element-6243517 .elementor-heading-title{font-size:65px;}}@media(max-width:767px){.elementor-581 .elementor-element.elementor-element-6243517 .elementor-heading-title{font-size:32px;}.elementor-581 .elementor-element.elementor-element-6b92cd7{--padding-top:0px;--padding-bottom:0px;--padding-left:20px;--padding-right:20px;}}<\/style>\t\t<div data-elementor-type=\"wp-page\" data-elementor-id=\"581\" class=\"elementor elementor-581\" data-elementor-post-type=\"page\">\n\t\t\t\t<div class=\"elementor-element elementor-element-11ca316 e-flex e-con-boxed e-con e-parent\" data-id=\"11ca316\" data-element_type=\"container\" data-e-type=\"container\" data-settings=\"{&quot;background_background&quot;:&quot;classic&quot;}\">\n\t\t\t\t\t<div class=\"e-con-inner\">\n\t\t<div class=\"elementor-element elementor-element-ce6b5e7 e-flex e-con-boxed e-con e-child\" data-id=\"ce6b5e7\" data-element_type=\"container\" data-e-type=\"container\">\n\t\t\t\t\t<div class=\"e-con-inner\">\n\t\t\t\t\t<\/div>\n\t\t\t\t<\/div>\n\t\t\t\t\t<\/div>\n\t\t\t\t<\/div>\n\t\t<div class=\"elementor-element elementor-element-6b92cd7 e-flex e-con-boxed e-con e-parent\" data-id=\"6b92cd7\" data-element_type=\"container\" data-e-type=\"container\">\n\t\t\t\t\t<div class=\"e-con-inner\">\n\t\t\t\t<div class=\"elementor-element elementor-element-4d665d4 elementor-widget elementor-widget-text-editor\" data-id=\"4d665d4\" data-element_type=\"widget\" data-e-type=\"widget\" data-widget_type=\"text-editor.default\">\n\t\t\t\t<div class=\"elementor-widget-container\">\n\t\t\t\t\t\t\t\t\t<div><p>Dans <strong>DAVID TUBERT SAUBI<\/strong> Nous nous engageons \u00e0 prot\u00e9ger la vie priv\u00e9e et les donn\u00e9es personnelles de nos utilisateurs. Cette Politique de Confidentialit\u00e9 a pour objectif de vous informer sur la mani\u00e8re dont nous collectons, utilisons, prot\u00e9geons et partageons vos informations personnelles lorsque vous acc\u00e9dez \u00e0 notre site web et \u00e0 nos services.<\/p><h5>1. Responsable pour le Traitement<\/h5><p><strong>Nom:<\/strong> DAVID TUBERT SAUBI<\/p><p><strong>NIF:<\/strong> 40342114E<\/p><p><strong>E-mail:<\/strong> DTUBERTS@CETIG.CAT<\/p><p><strong>Adresse:<\/strong> PASSEIG INDUSTRIE N35, 3E, 17820 BANYOLES<\/p><p><strong>T\u00e9l\u00e9phone:<\/strong> +34630949032<\/p><h5>2. Donn\u00e9es Personnelles Collect\u00e9es<\/h5><p>Chez DAVID TUBERT SAUBI, nous collectons les donn\u00e9es personnelles suivantes via notre site web :<\/p><ul><li><strong>Donn\u00e9es d&#039;identification:<\/strong> Pr\u00e9nom, nom, adresse e-mail, num\u00e9ro de t\u00e9l\u00e9phone, adresse physique.<\/li><li><strong>Les donn\u00e9es de Navigation:<\/strong> Adresse IP, type de navigateur, les pages visit\u00e9es, le temps pass\u00e9 sur le site, clique, et d&#039;autres donn\u00e9es issues de l&#039;interaction avec notre site web.<\/li><\/ul><h5>\u00a0<\/h5><h5>3. Finalit\u00e9s du Traitement des Donn\u00e9es Personnelles<\/h5><p>Les donn\u00e9es personnelles que nous recueillons sont utilis\u00e9s pour les fins suivantes:<\/p><ul><li><strong>Pour fournir nos services:<\/strong> G\u00e9rer les demandes de nos utilisateurs, telles que l&#039;achat de produits ou de services.<\/li><li><strong>Communication commerciale:<\/strong> Pour vous envoyer des informations sur nos produits, services, promotions et offres sp\u00e9ciales si l&#039;utilisateur a donn\u00e9 son consentement pour ce faire.<\/li><li><strong>Am\u00e9lioration de l&#039;exp\u00e9rience utilisateur:<\/strong> Pour analyser la navigation des utilisateurs sur le site, afin d&#039;am\u00e9liorer la fonctionnalit\u00e9 et la qualit\u00e9 de la m\u00eame.<\/li><li><strong>L&#039;ex\u00e9cution des obligations juridiques:<\/strong> Respecter nos obligations l\u00e9gales et fiscales.<\/li><\/ul><h5>\u00a0<\/h5><h5>4. De l\u00e9gitimation pour le Traitement des Donn\u00e9es<\/h5><p>Le traitement de vos donn\u00e9es personnelles, se fonde sur les bases juridiques:<\/p><ul><li><strong>L&#039;ex\u00e9cution d&#039;un contrat:<\/strong> Lorsque les donn\u00e9es sont n\u00e9cessaires pour la gestion du contrat de services.<\/li><li><strong>Consentement:<\/strong> Lorsque vous nous donnez votre consentement pour l&#039;envoi de communications commerciales, en vous abonnant \u00e0 notre newsletter ou faire une inscription sur le site web.<\/li><li><strong>Int\u00e9r\u00eat l\u00e9gitime:<\/strong> Pour les fins de l&#039;am\u00e9lioration continue du site web en analysant les pr\u00e9f\u00e9rences de l&#039;utilisateur et la personnalisation de votre exp\u00e9rience.<\/li><\/ul><h5>\u00a0<\/h5><h5>5. Conservation des Donn\u00e9es \u00e0 caract\u00e8re Personnel<\/h5><p>Nous conservons les donn\u00e9es personnelles pendant le temps n\u00e9cessaire pour atteindre les finalit\u00e9s pour lesquelles elles ont \u00e9t\u00e9 collect\u00e9es et pour respecter les obligations l\u00e9gales.<\/p><p>Dans le cas de ne pas utiliser les donn\u00e9es personnelles \u00e0 des fins commerciales ou de service, va proc\u00e9der \u00e0 sa suppression ou l&#039;anonymisation.<\/p><h5>6. Les destinataires des Donn\u00e9es \u00e0 caract\u00e8re Personnel<\/h5><p>Les donn\u00e9es personnelles que nous recueillons ne seront pas vendues ou transf\u00e9r\u00e9es \u00e0 des tiers, sauf dans les cas suivants:<\/p><ul><li><strong>Fournisseurs de services externes :<\/strong> Nous pouvons partager vos donn\u00e9es avec les fournisseurs de services qui nous aident \u00e0 faire fonctionner le site web, tels que l&#039;h\u00e9bergement web, services de paiement en ligne, ou les outils d&#039;analyse, \u00e0 condition que ces fournisseurs de services \u00e0 l&#039;\u00e9gard de la politique de confidentialit\u00e9.<\/li><li><strong>Obligations l\u00e9gales:<\/strong> Les donn\u00e9es peuvent \u00eatre communiqu\u00e9es lors de l&#039;n\u00e9cessaires pour se conformer \u00e0 une obligation l\u00e9gale ou d&#039;une autorit\u00e9 comp\u00e9tente.<\/li><\/ul><h5>\u00a0<\/h5><h5>7. Droits des Utilisateurs<\/h5><p>Vous avez le droit de:<\/p><ul><li>Acc\u00e9der \u00e0 vos donn\u00e9es personnelles et obtenir une confirmation concernant le traitement de celles-ci.<\/li><li>Rectifier vos donn\u00e9es si elles sont inexactes ou incompl\u00e8tes.<\/li><li>Supprimer vos donn\u00e9es lorsqu'elles ne sont plus n\u00e9cessaires aux finalit\u00e9s du traitement.<\/li><li>S&#039;opposer au traitement de vos donn\u00e9es dans certaines circonstances.<\/li><li>Demander la limitation de traitement dans les cas pr\u00e9vus par la loi.<\/li><li>La portabilit\u00e9 des donn\u00e9es \u00e0 recevoir vos donn\u00e9es personnelles dans un format structur\u00e9.<\/li><\/ul><p>Vous pouvez exercer ces droits en envoyant une demande \u00e0 <strong>DTUBERTS@CETIG.CAT<\/strong> ou \u00e0 l&#039;adresse indiqu\u00e9e ci-dessus. Aussi, vous avez le droit de d\u00e9poser une plainte aupr\u00e8s de l&#039;Agence espagnole pour la Protection des Donn\u00e9es si vous croyez que vos droits ont \u00e9t\u00e9 viol\u00e9s.<\/p><h5>8. La s\u00e9curit\u00e9 des Donn\u00e9es<\/h5><p>Nous mettons en \u0153uvre les mesures de s\u00e9curit\u00e9 techniques et organisationnelles n\u00e9cessaires pour prot\u00e9ger vos donn\u00e9es personnelles contre l'acc\u00e8s non autoris\u00e9, la perte, l'alt\u00e9ration ou la divulgation non autoris\u00e9e. Cependant, vous devez garder \u00e0 l'esprit qu'aucune mesure de s\u00e9curit\u00e9 n'est compl\u00e8tement infaillible.<\/p><h5>9. Les changements dans la Politique de Confidentialit\u00e9<\/h5><p>DAVID TUBERT SAUBI se r\u00e9serve le droit de modifier cette Politique de Confidentialit\u00e9 \u00e0 tout moment. Tous les changements seront affich\u00e9s sur ce site web. Nous vous recommandons de consulter r\u00e9guli\u00e8rement la pr\u00e9sente politique pour \u00eatre au courant de la fa\u00e7on dont nous prot\u00e9geons vos donn\u00e9es personnelles.<\/p><h5>10. Contact<\/h5><p>Si vous avez des questions concernant cette Politique de Confidentialit\u00e9 ou la fa\u00e7on dont nous traitons vos donn\u00e9es personnelles, n&#039;h\u00e9sitez pas \u00e0 nous contacter via:<\/p><p><strong>E-mail:<\/strong> DTUBERTS@CETIG.CAT<\/p><p><strong>T\u00e9l\u00e9phone:<\/strong> +34630949032<\/p><\/div>\t\t\t\t\t\t\t\t<\/div>\n\t\t\t\t<\/div>\n\t\t\t\t\t<\/div>\n\t\t\t\t<\/div>\n\t\t\t\t<\/div>","protected":false},"excerpt":{"rendered":"<p>En DAVID TUBERT SAUBI nos comprometemos a proteger la privacidad y los datos personales de nuestros usuarios. Esta Pol\u00edtica de Privacidad tiene como objetivo informarte sobre c\u00f3mo recopilamos, utilizamos, protegemos y compartimos tu informaci\u00f3n personal cuando accedes a nuestro sitio web y servicios. 1. Responsable del Tratamiento Nombre: DAVID TUBERT SAUBI NIF: 40342114E Correo electr\u00f3nico:&hellip;&nbsp;<\/p>","protected":false},"author":1,"featured_media":0,"parent":0,"menu_order":0,"comment_status":"closed","ping_status":"closed","template":"page-templates\/template-pagebuilder-full-width.php","meta":{"neve_meta_sidebar":"","neve_meta_container":"","neve_meta_enable_content_width":"off","neve_meta_content_width":100,"neve_meta_title_alignment":"","neve_meta_author_avatar":"","neve_post_elements_order":"","neve_meta_disable_header":"","neve_meta_disable_footer":"","neve_meta_disable_title":"","_joinchat":[],"footnotes":""},"class_list":["post-581","page","type-page","status-publish","hentry"],"yoast_head":"<!-- This site is optimized with the Yoast SEO plugin v27.3 - https:\/\/yoast.com\/product\/yoast-seo-wordpress\/ -->\n<title>Pol\u00edtica de privacidad - Servicios de levantamiento de datos con drones y Lidar | David Tubert Saubi<\/title>\n<meta name=\"robots\" content=\"index, follow, max-snippet:-1, max-image-preview:large, max-video-preview:-1\" \/>\n<link rel=\"canonical\" href=\"https:\/\/3dgraphicslab.com\/fr\/politica-de-privacidad\/\" \/>\n<meta property=\"og:locale\" content=\"fr_FR\" \/>\n<meta property=\"og:type\" content=\"article\" \/>\n<meta property=\"og:title\" content=\"Pol\u00edtica de privacidad - Servicios de levantamiento de datos con drones y Lidar | David Tubert Saubi\" \/>\n<meta property=\"og:description\" content=\"En DAVID TUBERT SAUBI nos comprometemos a proteger la privacidad y los datos personales de nuestros usuarios. Esta Pol\u00edtica de Privacidad tiene como objetivo informarte sobre c\u00f3mo recopilamos, utilizamos, protegemos y compartimos tu informaci\u00f3n personal cuando accedes a nuestro sitio web y servicios. 1. Responsable del Tratamiento Nombre: DAVID TUBERT SAUBI NIF: 40342114E Correo electr\u00f3nico:&hellip;&nbsp;\" \/>\n<meta property=\"og:url\" content=\"https:\/\/3dgraphicslab.com\/fr\/politica-de-privacidad\/\" \/>\n<meta property=\"og:site_name\" content=\"Servicios de levantamiento de datos con drones y Lidar | David Tubert Saubi\" \/>\n<meta property=\"article:modified_time\" content=\"2025-07-05T12:23:01+00:00\" \/>\n<meta name=\"twitter:card\" content=\"summary_large_image\" \/>\n<meta name=\"twitter:label1\" content=\"Dur\u00e9e de lecture estim\u00e9e\" \/>\n\t<meta name=\"twitter:data1\" content=\"4 minutes\" \/>\n<script type=\"application\/ld+json\" class=\"yoast-schema-graph\">{\"@context\":\"https:\\\/\\\/schema.org\",\"@graph\":[{\"@type\":\"WebPage\",\"@id\":\"https:\\\/\\\/3dgraphicslab.com\\\/es\\\/politica-de-privacidad\\\/\",\"url\":\"https:\\\/\\\/3dgraphicslab.com\\\/es\\\/politica-de-privacidad\\\/\",\"name\":\"Pol\u00edtica de privacidad - Servicios de levantamiento de datos con drones y Lidar | David Tubert Saubi\",\"isPartOf\":{\"@id\":\"https:\\\/\\\/3dgraphicslab.com\\\/ca\\\/#website\"},\"datePublished\":\"2025-06-12T10:37:19+00:00\",\"dateModified\":\"2025-07-05T12:23:01+00:00\",\"breadcrumb\":{\"@id\":\"https:\\\/\\\/3dgraphicslab.com\\\/es\\\/politica-de-privacidad\\\/#breadcrumb\"},\"inLanguage\":\"fr-FR\",\"potentialAction\":[{\"@type\":\"ReadAction\",\"target\":[\"https:\\\/\\\/3dgraphicslab.com\\\/es\\\/politica-de-privacidad\\\/\"]}]},{\"@type\":\"BreadcrumbList\",\"@id\":\"https:\\\/\\\/3dgraphicslab.com\\\/es\\\/politica-de-privacidad\\\/#breadcrumb\",\"itemListElement\":[{\"@type\":\"ListItem\",\"position\":1,\"name\":\"Portada\",\"item\":\"https:\\\/\\\/3dgraphicslab.com\\\/ca\\\/\"},{\"@type\":\"ListItem\",\"position\":2,\"name\":\"Pol\u00edtica de privacidad\"}]},{\"@type\":\"WebSite\",\"@id\":\"https:\\\/\\\/3dgraphicslab.com\\\/ca\\\/#website\",\"url\":\"https:\\\/\\\/3dgraphicslab.com\\\/ca\\\/\",\"name\":\"Servicios de levantamiento de datos con drones y Lidar | David Tubert Saubi\",\"description\":\"Optimize sus proyectos industriales y construcci\u00f3n con precisi\u00f3n, ofrecemos servicio Scan to BIM de calidad\",\"potentialAction\":[{\"@type\":\"SearchAction\",\"target\":{\"@type\":\"EntryPoint\",\"urlTemplate\":\"https:\\\/\\\/3dgraphicslab.com\\\/ca\\\/?s={search_term_string}\"},\"query-input\":{\"@type\":\"PropertyValueSpecification\",\"valueRequired\":true,\"valueName\":\"search_term_string\"}}],\"inLanguage\":\"fr-FR\"}]}<\/script>\n<!-- \/ Yoast SEO plugin. -->","yoast_head_json":{"title":"Pol\u00edtica de privacidad - Servicios de levantamiento de datos con drones y Lidar | David Tubert Saubi","robots":{"index":"index","follow":"follow","max-snippet":"max-snippet:-1","max-image-preview":"max-image-preview:large","max-video-preview":"max-video-preview:-1"},"canonical":"https:\/\/3dgraphicslab.com\/fr\/politica-de-privacidad\/","og_locale":"fr_FR","og_type":"article","og_title":"Pol\u00edtica de privacidad - Servicios de levantamiento de datos con drones y Lidar | David Tubert Saubi","og_description":"En DAVID TUBERT SAUBI nos comprometemos a proteger la privacidad y los datos personales de nuestros usuarios. Esta Pol\u00edtica de Privacidad tiene como objetivo informarte sobre c\u00f3mo recopilamos, utilizamos, protegemos y compartimos tu informaci\u00f3n personal cuando accedes a nuestro sitio web y servicios. 1. Responsable del Tratamiento Nombre: DAVID TUBERT SAUBI NIF: 40342114E Correo electr\u00f3nico:&hellip;&nbsp;","og_url":"https:\/\/3dgraphicslab.com\/fr\/politica-de-privacidad\/","og_site_name":"Servicios de levantamiento de datos con drones y Lidar | David Tubert Saubi","article_modified_time":"2025-07-05T12:23:01+00:00","twitter_card":"summary_large_image","twitter_misc":{"Dur\u00e9e de lecture estim\u00e9e":"4 minutes"},"schema":{"@context":"https:\/\/schema.org","@graph":[{"@type":"WebPage","@id":"https:\/\/3dgraphicslab.com\/es\/politica-de-privacidad\/","url":"https:\/\/3dgraphicslab.com\/es\/politica-de-privacidad\/","name":"Pol\u00edtica de privacidad - Servicios de levantamiento de datos con drones y Lidar | David Tubert Saubi","isPartOf":{"@id":"https:\/\/3dgraphicslab.com\/ca\/#website"},"datePublished":"2025-06-12T10:37:19+00:00","dateModified":"2025-07-05T12:23:01+00:00","breadcrumb":{"@id":"https:\/\/3dgraphicslab.com\/es\/politica-de-privacidad\/#breadcrumb"},"inLanguage":"fr-FR","potentialAction":[{"@type":"ReadAction","target":["https:\/\/3dgraphicslab.com\/es\/politica-de-privacidad\/"]}]},{"@type":"BreadcrumbList","@id":"https:\/\/3dgraphicslab.com\/es\/politica-de-privacidad\/#breadcrumb","itemListElement":[{"@type":"ListItem","position":1,"name":"Portada","item":"https:\/\/3dgraphicslab.com\/ca\/"},{"@type":"ListItem","position":2,"name":"Pol\u00edtica de privacidad"}]},{"@type":"WebSite","@id":"https:\/\/3dgraphicslab.com\/ca\/#website","url":"https:\/\/3dgraphicslab.com\/ca\/","name":"Servicios de levantamiento de datos con drones y Lidar | David Tubert Saubi","description":"Optimize sus proyectos industriales y construcci\u00f3n con precisi\u00f3n, ofrecemos servicio Scan to BIM de calidad","potentialAction":[{"@type":"SearchAction","target":{"@type":"EntryPoint","urlTemplate":"https:\/\/3dgraphicslab.com\/ca\/?s={search_term_string}"},"query-input":{"@type":"PropertyValueSpecification","valueRequired":true,"valueName":"search_term_string"}}],"inLanguage":"fr-FR"}]}},"_links":{"self":[{"href":"https:\/\/3dgraphicslab.com\/fr\/wp-json\/wp\/v2\/pages\/581","targetHints":{"allow":["GET"]}}],"collection":[{"href":"https:\/\/3dgraphicslab.com\/fr\/wp-json\/wp\/v2\/pages"}],"about":[{"href":"https:\/\/3dgraphicslab.com\/fr\/wp-json\/wp\/v2\/types\/page"}],"author":[{"embeddable":true,"href":"https:\/\/3dgraphicslab.com\/fr\/wp-json\/wp\/v2\/users\/1"}],"replies":[{"embeddable":true,"href":"https:\/\/3dgraphicslab.com\/fr\/wp-json\/wp\/v2\/comments?post=581"}],"version-history":[{"count":7,"href":"https:\/\/3dgraphicslab.com\/fr\/wp-json\/wp\/v2\/pages\/581\/revisions"}],"predecessor-version":[{"id":670,"href":"https:\/\/3dgraphicslab.com\/fr\/wp-json\/wp\/v2\/pages\/581\/revisions\/670"}],"wp:attachment":[{"href":"https:\/\/3dgraphicslab.com\/fr\/wp-json\/wp\/v2\/media?parent=581"}],"curies":[{"name":"wp","href":"https:\/\/api.w.org\/{rel}","templated":true}]}}